{"id":187,"date":"2013-09-30T22:05:36","date_gmt":"2013-09-30T20:05:36","guid":{"rendered":"http:\/\/www.weikinat.de\/?page_id=4"},"modified":"2024-07-31T06:58:43","modified_gmt":"2024-07-31T06:58:43","slug":"impressum","status":"publish","type":"page","link":"https:\/\/www.weikinat.de\/?page_id=187","title":{"rendered":"Impressum"},"content":{"rendered":"<div>Dachdeckerei Jeremy Weikinat<br \/>\nDorfstra\u00dfe 49<br \/>\n24637 Schillsdorf<\/div>\n<div>Mobil: 0172 511 191 8<\/div>\n<div><a href=\"mailto:info@weikinat.de\">info@weikinat.de<\/a><\/div>\n<p>Verantwortlich f\u00fcr den Inhalt nach \u00a7 55 Abs. 2 RStV: Jeremy Weikinat<\/p>\n<div><\/div>\n<p>Alle Bestandteile und Inhalte dieser Webseite sind urheberrechtlich gesch\u00fczt. Eine Nutzung von Inhalten durch Dritte ist ohne schriftliche Genehmigung untersagt. Fremdes Markenrecht bleibt durch die Pr\u00e4sentation auf dieser Webseite unber\u00fchrt. Die\u00a0Dachdeckerei Jeremy Weikinat \u00fcbernimmt trotz sorgf\u00e4ltiger Pr\u00fcfung verlinkter Seiten und Inhalte keinerlei Haftung f\u00fcr die Richtigkeit, Rechtsstimmigkeit oder anderweitiger Inhalte fremder Seiten. Insbesondere wird eine Haftung durch Nutzung oder Nichtnutzung von Informationen dieser Webseite au\u00dfer bei grob fahrl\u00e4ssigem Handeln ausgeschlossen.<\/p>\n<p>Haftungsausschluss:<\/p>\n<p>Die Inhalte unserer Seiten wurden mit gr\u00f6\u00dfter Sorgfalt erstellt. F\u00fcr die Richtigkeit, Vollst\u00e4ndigkeit und Aktualit\u00e4t der Inhalte k\u00f6nnen wir jedoch keine Gew\u00e4hr \u00fcbernehmen. Als Diensteanbieter sind wir gem\u00e4\u00df \u00a7 7 Abs.1 TMG f\u00fcr eigene Inhalte auf diesen Seiten nach den allgemeinen Gesetzen verantwortlich. Nach \u00a7\u00a7 8 bis 10 TMG sind wir als Diensteanbieter jedoch nicht verpflichtet, \u00fcbermittelte oder gespeicherte fremde Informationen zu \u00fcberwachen oder nach Umst\u00e4nden zu forschen, die auf eine rechtswidrige T\u00e4tigkeit hinweisen. Verpflichtungen zur Entfernung oder Sperrung der Nutzung von Informationen nach den allgemeinen Gesetzen bleiben hiervon unber\u00fchrt. Eine diesbez\u00fcgliche Haftung ist jedoch erst ab dem Zeitpunkt der Kenntnis einer konkreten Rechtsverletzung m\u00f6glich. Bei Bekanntwerden von entsprechenden Rechtsverletzungen werden wir diese Inhalte umgehend entfernen.<\/p>\n<p>Urheberrecht<\/p>\n<p>Die durch die Seitenbetreiber erstellten Inhalte und Werke auf diesen Seiten unterliegen dem deutschen Urheberrecht. Die Vervielf\u00e4ltigung, Bearbeitung, Verbreitung und jede Art der Verwertung au\u00dferhalb der Grenzen des Urheberrechtes bed\u00fcrfen der schriftlichen Zustimmung des jeweiligen Autors bzw. Erstellers. Downloads und Kopien dieser Seite sind nur f\u00fcr den privaten, nicht kommerziellen Gebrauch gestattet. Soweit die Inhalte auf dieser Seite nicht vom Betreiber erstellt wurden, werden die Urheberrechte Dritter beachtet. Insbesondere werden Inhalte Dritter als solche gekennzeichnet. Sollten Sie trotzdem auf eine Urheberrechtsverletzung aufmerksam werden, bitten wir um einen entsprechenden Hinweis. Bei Bekanntwerden von Rechtsverletzungen werden wir derartige Inhalte umgehend entfernen.<\/p>\n<p>Quellenangaben: eRecht24 Disclaimer, Facebook Disclaimer, Google Analytics Bedingungen, Google Adsense Haftungsausschluss, Datenschutzerkl\u00e4rung Google +1, Twitter Bedingungen<\/p>\n","protected":false},"excerpt":{"rendered":"<p>Dachdeckerei Jeremy Weikinat Dorfstra\u00dfe 49 24637 Schillsdorf Mobil: 0172 511 191 8 info@weikinat.de Verantwortlich f\u00fcr den Inhalt nach \u00a7 55 Abs. 2 RStV: Jeremy Weikinat Alle Bestandteile und Inhalte dieser Webseite sind urheberrechtlich gesch\u00fczt. Eine Nutzung von Inhalten durch Dritte ist ohne schriftliche Genehmigung untersagt. Fremdes Markenrecht bleibt durch die Pr\u00e4sentation auf dieser Webseite unber\u00fchrt. [&hellip;]<\/p>\n","protected":false},"author":2,"featured_media":0,"parent":0,"menu_order":0,"comment_status":"open","ping_status":"open","template":"","meta":{"_et_pb_use_builder":"","_et_pb_old_content":"","_et_gb_content_width":""},"_links":{"self":[{"href":"https:\/\/www.weikinat.de\/index.php?rest_route=\/wp\/v2\/pages\/187"}],"collection":[{"href":"https:\/\/www.weikinat.de\/index.php?rest_route=\/wp\/v2\/pages"}],"about":[{"href":"https:\/\/www.weikinat.de\/index.php?rest_route=\/wp\/v2\/types\/page"}],"author":[{"embeddable":true,"href":"https:\/\/www.weikinat.de\/index.php?rest_route=\/wp\/v2\/users\/2"}],"replies":[{"embeddable":true,"href":"https:\/\/www.weikinat.de\/index.php?rest_route=%2Fwp%2Fv2%2Fcomments&post=187"}],"version-history":[{"count":3,"href":"https:\/\/www.weikinat.de\/index.php?rest_route=\/wp\/v2\/pages\/187\/revisions"}],"predecessor-version":[{"id":616,"href":"https:\/\/www.weikinat.de\/index.php?rest_route=\/wp\/v2\/pages\/187\/revisions\/616"}],"wp:attachment":[{"href":"https:\/\/www.weikinat.de\/index.php?rest_route=%2Fwp%2Fv2%2Fmedia&parent=187"}],"curies":[{"name":"wp","href":"https:\/\/api.w.org\/{rel}","templated":true}]}}